{"id":10115,"date":"2022-01-15T22:26:47","date_gmt":"2022-01-15T22:26:47","guid":{"rendered":"http:\/\/xn--mribelchalets-bhb.com\/concierge\/"},"modified":"2026-03-18T12:59:14","modified_gmt":"2026-03-18T12:59:14","slug":"concierge","status":"publish","type":"page","link":"https:\/\/xn--mribelchalets-bhb.com\/fr\/concierge\/","title":{"rendered":"Concierge"},"content":{"rendered":"\t\t<div data-elementor-type=\"wp-page\" data-elementor-id=\"10115\" class=\"elementor elementor-10115 elementor-337\" data-elementor-post-type=\"page\">\n\t\t\t\t\t\t<section class=\"elementor-section elementor-top-section elementor-element elementor-element-7775676 elementor-section-height-min-height elementor-section-boxed elementor-section-height-default elementor-section-items-middle\" data-id=\"7775676\" data-element_type=\"section\" data-e-type=\"section\" data-settings=\"{&quot;background_background&quot;:&quot;classic&quot;}\">\n\t\t\t\t\t\t<div class=\"elementor-container elementor-column-gap-default\">\n\t\t\t\t\t<div class=\"elementor-column elementor-col-100 elementor-top-column elementor-element elementor-element-9cb90af\" data-id=\"9cb90af\" data-element_type=\"column\" data-e-type=\"column\">\n\t\t\t<div class=\"elementor-widget-wrap elementor-element-populated\">\n\t\t\t\t\t\t<div class=\"elementor-element elementor-element-bc06590 elementor-widget elementor-widget-heading\" data-id=\"bc06590\" data-element_type=\"widget\" data-e-type=\"widget\" data-widget_type=\"heading.default\">\n\t\t\t\t<div class=\"elementor-widget-container\">\n\t\t\t\t\t<h1 class=\"elementor-heading-title elementor-size-default\">CONCIERGE<\/h1>\t\t\t\t<\/div>\n\t\t\t\t<\/div>\n\t\t\t\t\t<\/div>\n\t\t<\/div>\n\t\t\t\t\t<\/div>\n\t\t<\/section>\n\t\t\t\t<section class=\"elementor-section elementor-top-section elementor-element elementor-element-9da68ef elementor-section-boxed elementor-section-height-default elementor-section-height-default\" data-id=\"9da68ef\" data-element_type=\"section\" data-e-type=\"section\">\n\t\t\t\t\t\t<div class=\"elementor-container elementor-column-gap-default\">\n\t\t\t\t\t<div class=\"elementor-column elementor-col-100 elementor-top-column elementor-element elementor-element-6726422\" data-id=\"6726422\" data-element_type=\"column\" data-e-type=\"column\">\n\t\t\t<div class=\"elementor-widget-wrap elementor-element-populated\">\n\t\t\t\t\t\t<div class=\"elementor-element elementor-element-61f4c80 elementor-widget elementor-widget-heading\" data-id=\"61f4c80\" data-element_type=\"widget\" data-e-type=\"widget\" data-widget_type=\"heading.default\">\n\t\t\t\t<div class=\"elementor-widget-container\">\n\t\t\t\t\t<h1 class=\"elementor-heading-title elementor-size-default\">megeve Concierge de luxe<\/h1>\t\t\t\t<\/div>\n\t\t\t\t<\/div>\n\t\t\t\t<div class=\"elementor-element elementor-element-78c84e8 elementor-widget elementor-widget-heading\" data-id=\"78c84e8\" data-element_type=\"widget\" data-e-type=\"widget\" data-widget_type=\"heading.default\">\n\t\t\t\t<div class=\"elementor-widget-container\">\n\t\t\t\t\t<h6 class=\"elementor-heading-title elementor-size-default\">meg\u00e8ve CONCIERGE Services<\/h6>\t\t\t\t<\/div>\n\t\t\t\t<\/div>\n\t\t\t\t<div class=\"elementor-element elementor-element-f341bd7 elementor-widget elementor-widget-text-editor\" data-id=\"f341bd7\" data-element_type=\"widget\" data-e-type=\"widget\" data-widget_type=\"text-editor.default\">\n\t\t\t\t<div class=\"elementor-widget-container\">\n\t\t\t\t\t\t\t\t\t<p data-start=\"0\" data-end=\"401\">En vous relaxant dans votre chalet \u00e0 <span class=\"hover:entity-accent entity-underline inline cursor-pointer align-baseline\"><span class=\"whitespace-normal\">Meg\u00e8ve<\/span><\/span>vous pouvez compter sur nos services de conciergerie de luxe pour d\u00e9couvrir le meilleur des Alpes. Notre \u00e9quipe bien inform\u00e9e s&rsquo;occupera de tout ce que vous d\u00e9sirez, des r\u00e9servations dans les restaurants les plus prestigieux aux exp\u00e9riences priv\u00e9es en montagne, en passant par les transferts en h\u00e9licopt\u00e8re, les chefs priv\u00e9s, les moniteurs de ski et les activit\u00e9s hivernales sur mesure. <\/p><p data-start=\"403\" data-end=\"452\" data-is-last-node=\"\" data-is-only-node=\"\">C&rsquo;est \u00e0 vous d&rsquo;en profiter, laissez-nous nous occuper du reste.<\/p>\t\t\t\t\t\t\t\t<\/div>\n\t\t\t\t<\/div>\n\t\t\t\t\t<\/div>\n\t\t<\/div>\n\t\t\t\t\t<\/div>\n\t\t<\/section>\n\t\t<div class=\"elementor-element elementor-element-0a0a1c3 e-flex e-con-boxed e-con e-parent\" data-id=\"0a0a1c3\" data-element_type=\"container\" data-e-type=\"container\">\n\t\t\t\t\t<div class=\"e-con-inner\">\n\t\t\t\t<div class=\"elementor-element elementor-element-9a8b9fc elementor-posts--align-center elementor-grid-2 elementor-grid-tablet-2 elementor-grid-mobile-1 elementor-posts--thumbnail-top elementor-widget elementor-widget-posts\" data-id=\"9a8b9fc\" data-element_type=\"widget\" data-e-type=\"widget\" data-settings=\"{&quot;classic_masonry&quot;:&quot;yes&quot;,&quot;classic_columns&quot;:&quot;2&quot;,&quot;classic_columns_tablet&quot;:&quot;2&quot;,&quot;classic_columns_mobile&quot;:&quot;1&quot;,&quot;classic_row_gap&quot;:{&quot;unit&quot;:&quot;px&quot;,&quot;size&quot;:35,&quot;sizes&quot;:[]},&quot;classic_row_gap_tablet&quot;:{&quot;unit&quot;:&quot;px&quot;,&quot;size&quot;:&quot;&quot;,&quot;sizes&quot;:[]},&quot;classic_row_gap_mobile&quot;:{&quot;unit&quot;:&quot;px&quot;,&quot;size&quot;:&quot;&quot;,&quot;sizes&quot;:[]}}\" data-widget_type=\"posts.classic\">\n\t\t\t\t<div class=\"elementor-widget-container\">\n\t\t\t\t\t\t\t<div class=\"elementor-posts-container elementor-posts elementor-posts--skin-classic elementor-grid\" role=\"list\">\n\t\t\t\t<article class=\"elementor-post elementor-grid-item post-20570 concierges type-concierges status-publish has-post-thumbnail hentry entry\" role=\"listitem\">\n\t\t\t\t<a class=\"elementor-post__thumbnail__link\" href=\"https:\/\/xn--mribelchalets-bhb.com\/fr\/concierges\/private-jets\/\" tabindex=\"-1\" >\n\t\t\t<div class=\"elementor-post__thumbnail\"><img fetchpriority=\"high\" decoding=\"async\" width=\"750\" height=\"500\" src=\"https:\/\/xn--mribelchalets-bhb.com\/wp-content\/uploads\/2026\/03\/concierge-3-1024x683.png\" class=\"attachment-large size-large wp-image-23560\" alt=\"\" style=\"width:100%;height:66.67%;max-width:1536px\" srcset=\"https:\/\/xn--mribelchalets-bhb.com\/wp-content\/uploads\/2026\/03\/concierge-3-1024x683.png 1024w, https:\/\/xn--mribelchalets-bhb.com\/wp-content\/uploads\/2026\/03\/concierge-3-300x200.png 300w, https:\/\/xn--mribelchalets-bhb.com\/wp-content\/uploads\/2026\/03\/concierge-3-768x512.png 768w, https:\/\/xn--mribelchalets-bhb.com\/wp-content\/uploads\/2026\/03\/concierge-3.png 1536w\" sizes=\"(max-width: 750px) 100vw, 750px\" \/><\/div>\n\t\t<\/a>\n\t\t\t\t<div class=\"elementor-post__text\">\n\t\t\t\t<h3 class=\"elementor-post__title\">\n\t\t\t<a href=\"https:\/\/xn--mribelchalets-bhb.com\/fr\/concierges\/private-jets\/\" >\n\t\t\t\tPrivate Jets\t\t\t<\/a>\n\t\t<\/h3>\n\t\t\t\t<\/div>\n\t\t\t\t<\/article>\n\t\t\t\t<article class=\"elementor-post elementor-grid-item post-20522 concierges type-concierges status-publish has-post-thumbnail hentry entry\" role=\"listitem\">\n\t\t\t\t<a class=\"elementor-post__thumbnail__link\" href=\"https:\/\/xn--mribelchalets-bhb.com\/fr\/concierges\/private-chef\/\" tabindex=\"-1\" >\n\t\t\t<div class=\"elementor-post__thumbnail\"><img decoding=\"async\" width=\"750\" height=\"500\" data-src=\"https:\/\/xn--mribelchalets-bhb.com\/wp-content\/uploads\/2026\/03\/concierge-2-1024x683.png\" class=\"attachment-large size-large wp-image-23591 lazyload\" alt=\"\" style=\"--smush-placeholder-width: 750px; --smush-placeholder-aspect-ratio: 750\/500;width:100%;height:66.67%;max-width:1536px\" data-srcset=\"https:\/\/xn--mribelchalets-bhb.com\/wp-content\/uploads\/2026\/03\/concierge-2-1024x683.png 1024w, https:\/\/xn--mribelchalets-bhb.com\/wp-content\/uploads\/2026\/03\/concierge-2-300x200.png 300w, https:\/\/xn--mribelchalets-bhb.com\/wp-content\/uploads\/2026\/03\/concierge-2-768x512.png 768w, https:\/\/xn--mribelchalets-bhb.com\/wp-content\/uploads\/2026\/03\/concierge-2.png 1536w\" data-sizes=\"(max-width: 750px) 100vw, 750px\" src=\"data:image\/svg+xml;base64,PHN2ZyB3aWR0aD0iMSIgaGVpZ2h0PSIxIiB4bWxucz0iaHR0cDovL3d3dy53My5vcmcvMjAwMC9zdmciPjwvc3ZnPg==\" \/><\/div>\n\t\t<\/a>\n\t\t\t\t<div class=\"elementor-post__text\">\n\t\t\t\t<h3 class=\"elementor-post__title\">\n\t\t\t<a href=\"https:\/\/xn--mribelchalets-bhb.com\/fr\/concierges\/private-chef\/\" >\n\t\t\t\tPrivate Chef\t\t\t<\/a>\n\t\t<\/h3>\n\t\t\t\t<\/div>\n\t\t\t\t<\/article>\n\t\t\t\t<article class=\"elementor-post elementor-grid-item post-20564 concierges type-concierges status-publish has-post-thumbnail hentry entry\" role=\"listitem\">\n\t\t\t\t<a class=\"elementor-post__thumbnail__link\" href=\"https:\/\/xn--mribelchalets-bhb.com\/fr\/concierges\/luxury-cars\/\" tabindex=\"-1\" >\n\t\t\t<div class=\"elementor-post__thumbnail\"><img decoding=\"async\" width=\"750\" height=\"500\" data-src=\"https:\/\/xn--mribelchalets-bhb.com\/wp-content\/uploads\/2026\/03\/concierge-1-1024x683.png\" class=\"attachment-large size-large wp-image-23587 lazyload\" alt=\"\" style=\"--smush-placeholder-width: 750px; --smush-placeholder-aspect-ratio: 750\/500;width:100%;height:66.67%;max-width:1536px\" data-srcset=\"https:\/\/xn--mribelchalets-bhb.com\/wp-content\/uploads\/2026\/03\/concierge-1-1024x683.png 1024w, https:\/\/xn--mribelchalets-bhb.com\/wp-content\/uploads\/2026\/03\/concierge-1-300x200.png 300w, https:\/\/xn--mribelchalets-bhb.com\/wp-content\/uploads\/2026\/03\/concierge-1-768x512.png 768w, https:\/\/xn--mribelchalets-bhb.com\/wp-content\/uploads\/2026\/03\/concierge-1.png 1536w\" data-sizes=\"(max-width: 750px) 100vw, 750px\" src=\"data:image\/svg+xml;base64,PHN2ZyB3aWR0aD0iMSIgaGVpZ2h0PSIxIiB4bWxucz0iaHR0cDovL3d3dy53My5vcmcvMjAwMC9zdmciPjwvc3ZnPg==\" \/><\/div>\n\t\t<\/a>\n\t\t\t\t<div class=\"elementor-post__text\">\n\t\t\t\t<h3 class=\"elementor-post__title\">\n\t\t\t<a href=\"https:\/\/xn--mribelchalets-bhb.com\/fr\/concierges\/luxury-cars\/\" >\n\t\t\t\tLuxury Cars\t\t\t<\/a>\n\t\t<\/h3>\n\t\t\t\t<\/div>\n\t\t\t\t<\/article>\n\t\t\t\t<article class=\"elementor-post elementor-grid-item post-20575 concierges type-concierges status-publish has-post-thumbnail hentry entry\" role=\"listitem\">\n\t\t\t\t<a class=\"elementor-post__thumbnail__link\" href=\"https:\/\/xn--mribelchalets-bhb.com\/fr\/concierges\/helicopters\/\" tabindex=\"-1\" >\n\t\t\t<div class=\"elementor-post__thumbnail\"><img decoding=\"async\" width=\"750\" height=\"500\" data-src=\"https:\/\/xn--mribelchalets-bhb.com\/wp-content\/uploads\/2026\/03\/concierge-1024x683.png\" class=\"attachment-large size-large wp-image-23583 lazyload\" alt=\"\" style=\"--smush-placeholder-width: 750px; --smush-placeholder-aspect-ratio: 750\/500;width:100%;height:66.67%;max-width:1536px\" data-srcset=\"https:\/\/xn--mribelchalets-bhb.com\/wp-content\/uploads\/2026\/03\/concierge-1024x683.png 1024w, https:\/\/xn--mribelchalets-bhb.com\/wp-content\/uploads\/2026\/03\/concierge-300x200.png 300w, https:\/\/xn--mribelchalets-bhb.com\/wp-content\/uploads\/2026\/03\/concierge-768x512.png 768w, https:\/\/xn--mribelchalets-bhb.com\/wp-content\/uploads\/2026\/03\/concierge.png 1536w\" data-sizes=\"(max-width: 750px) 100vw, 750px\" src=\"data:image\/svg+xml;base64,PHN2ZyB3aWR0aD0iMSIgaGVpZ2h0PSIxIiB4bWxucz0iaHR0cDovL3d3dy53My5vcmcvMjAwMC9zdmciPjwvc3ZnPg==\" \/><\/div>\n\t\t<\/a>\n\t\t\t\t<div class=\"elementor-post__text\">\n\t\t\t\t<h3 class=\"elementor-post__title\">\n\t\t\t<a href=\"https:\/\/xn--mribelchalets-bhb.com\/fr\/concierges\/helicopters\/\" >\n\t\t\t\tHelicopters\t\t\t<\/a>\n\t\t<\/h3>\n\t\t\t\t<\/div>\n\t\t\t\t<\/article>\n\t\t\t\t<\/div>\n\t\t\n\t\t\t\t\t\t<\/div>\n\t\t\t\t<\/div>\n\t\t\t\t\t<\/div>\n\t\t\t\t<\/div>\n\t\t\t\t<\/div>\n\t\t","protected":false},"excerpt":{"rendered":"<p>CONCIERGE megeve Concierge de luxe meg\u00e8ve CONCIERGE Services En vous relaxant dans votre chalet \u00e0 Meg\u00e8vevous pouvez compter sur nos services de conciergerie de luxe<\/p>\n","protected":false},"author":2,"featured_media":3874,"parent":0,"menu_order":0,"comment_status":"closed","ping_status":"closed","template":"elementor_header_footer","meta":{"_acf_changed":false,"footnotes":""},"class_list":["post-10115","page","type-page","status-publish","has-post-thumbnail","hentry","entry"],"acf":[],"yoast_head":"<!-- This site is optimized with the Yoast SEO plugin v27.1.1 - https:\/\/yoast.com\/product\/yoast-seo-wordpress\/ -->\n<title>Meg\u00e8ve Luxury Concierge -M\u00e9ribel Chalets%%%.<\/title>\n<meta name=\"description\" content=\"Pendant que vous profitez de la location de votre chalet, vous pouvez compter sur Meg\u00e8ve Luxury Concierge pour r\u00e9pondre \u00e0 tous vos besoins, du chef priv\u00e9 aux transferts en h\u00e9licopt\u00e8re en passant par des exp\u00e9riences de montagne sur mesure.\" \/>\n<meta name=\"robots\" content=\"index, follow, max-snippet:-1, max-image-preview:large, max-video-preview:-1\" \/>\n<link rel=\"canonical\" href=\"https:\/\/xn--mribelchalets-bhb.com\/fr\/concierge\/\" \/>\n<meta property=\"og:locale\" content=\"fr_FR\" \/>\n<meta property=\"og:type\" content=\"article\" \/>\n<meta property=\"og:title\" content=\"Meg\u00e8ve Luxury Concierge -M\u00e9ribel Chalets%%%.\" \/>\n<meta property=\"og:description\" content=\"Pendant que vous profitez de la location de votre chalet, vous pouvez compter sur Meg\u00e8ve Luxury Concierge pour r\u00e9pondre \u00e0 tous vos besoins, du chef priv\u00e9 aux transferts en h\u00e9licopt\u00e8re en passant par des exp\u00e9riences de montagne sur mesure.\" \/>\n<meta property=\"og:url\" content=\"https:\/\/xn--mribelchalets-bhb.com\/fr\/concierge\/\" \/>\n<meta property=\"og:site_name\" content=\"M\u00e9ribel Chalets\" \/>\n<meta property=\"article:modified_time\" content=\"2026-03-18T12:59:14+00:00\" \/>\n<meta property=\"og:image\" content=\"https:\/\/xn--mribelchalets-bhb.com\/wp-content\/uploads\/2022\/01\/Cars-1.jpg\" \/>\n\t<meta property=\"og:image:width\" content=\"2000\" \/>\n\t<meta property=\"og:image:height\" content=\"1333\" \/>\n\t<meta property=\"og:image:type\" content=\"image\/jpeg\" \/>\n<meta name=\"twitter:card\" content=\"summary_large_image\" \/>\n<script type=\"application\/ld+json\" class=\"yoast-schema-graph\">{\"@context\":\"https:\/\/schema.org\",\"@graph\":[{\"@type\":\"WebPage\",\"@id\":\"https:\/\/xn--mribelchalets-bhb.com\/fr\/concierge\/\",\"url\":\"https:\/\/xn--mribelchalets-bhb.com\/fr\/concierge\/\",\"name\":\"Meg\u00e8ve Luxury Concierge -M\u00e9ribel Chalets%%%.\",\"isPartOf\":{\"@id\":\"https:\/\/xn--mribelchalets-bhb.com\/fr\/#website\"},\"primaryImageOfPage\":{\"@id\":\"https:\/\/xn--mribelchalets-bhb.com\/fr\/concierge\/#primaryimage\"},\"image\":{\"@id\":\"https:\/\/xn--mribelchalets-bhb.com\/fr\/concierge\/#primaryimage\"},\"thumbnailUrl\":\"https:\/\/xn--mribelchalets-bhb.com\/wp-content\/uploads\/2022\/01\/Cars-1.jpg\",\"datePublished\":\"2022-01-15T22:26:47+00:00\",\"dateModified\":\"2026-03-18T12:59:14+00:00\",\"description\":\"Pendant que vous profitez de la location de votre chalet, vous pouvez compter sur Meg\u00e8ve Luxury Concierge pour r\u00e9pondre \u00e0 tous vos besoins, du chef priv\u00e9 aux transferts en h\u00e9licopt\u00e8re en passant par des exp\u00e9riences de montagne sur mesure.\",\"breadcrumb\":{\"@id\":\"https:\/\/xn--mribelchalets-bhb.com\/fr\/concierge\/#breadcrumb\"},\"inLanguage\":\"fr-FR\",\"potentialAction\":[{\"@type\":\"ReadAction\",\"target\":[\"https:\/\/xn--mribelchalets-bhb.com\/fr\/concierge\/\"]}]},{\"@type\":\"ImageObject\",\"inLanguage\":\"fr-FR\",\"@id\":\"https:\/\/xn--mribelchalets-bhb.com\/fr\/concierge\/#primaryimage\",\"url\":\"https:\/\/xn--mribelchalets-bhb.com\/wp-content\/uploads\/2022\/01\/Cars-1.jpg\",\"contentUrl\":\"https:\/\/xn--mribelchalets-bhb.com\/wp-content\/uploads\/2022\/01\/Cars-1.jpg\",\"width\":2000,\"height\":1333},{\"@type\":\"BreadcrumbList\",\"@id\":\"https:\/\/xn--mribelchalets-bhb.com\/fr\/concierge\/#breadcrumb\",\"itemListElement\":[{\"@type\":\"ListItem\",\"position\":1,\"name\":\"Home\",\"item\":\"https:\/\/xn--mribelchalets-bhb.com\/fr\/\"},{\"@type\":\"ListItem\",\"position\":2,\"name\":\"Concierge\"}]},{\"@type\":\"WebSite\",\"@id\":\"https:\/\/xn--mribelchalets-bhb.com\/fr\/#website\",\"url\":\"https:\/\/xn--mribelchalets-bhb.com\/fr\/\",\"name\":\"M\u00e9ribel Chalets\",\"description\":\"M\u00e9ribel Chalets for Rent\",\"publisher\":{\"@id\":\"https:\/\/xn--mribelchalets-bhb.com\/fr\/#organization\"},\"potentialAction\":[{\"@type\":\"SearchAction\",\"target\":{\"@type\":\"EntryPoint\",\"urlTemplate\":\"https:\/\/xn--mribelchalets-bhb.com\/fr\/?s={search_term_string}\"},\"query-input\":{\"@type\":\"PropertyValueSpecification\",\"valueRequired\":true,\"valueName\":\"search_term_string\"}}],\"inLanguage\":\"fr-FR\"},{\"@type\":\"Organization\",\"@id\":\"https:\/\/xn--mribelchalets-bhb.com\/fr\/#organization\",\"name\":\"M\u00e9ribel Chalets\",\"url\":\"https:\/\/xn--mribelchalets-bhb.com\/fr\/\",\"logo\":{\"@type\":\"ImageObject\",\"inLanguage\":\"fr-FR\",\"@id\":\"https:\/\/xn--mribelchalets-bhb.com\/fr\/#\/schema\/logo\/image\/\",\"url\":\"\",\"contentUrl\":\"\",\"caption\":\"M\u00e9ribel Chalets\"},\"image\":{\"@id\":\"https:\/\/xn--mribelchalets-bhb.com\/fr\/#\/schema\/logo\/image\/\"}}]}<\/script>\n<!-- \/ Yoast SEO plugin. -->","yoast_head_json":{"title":"Meg\u00e8ve Luxury Concierge -M\u00e9ribel Chalets%%%.","description":"Pendant que vous profitez de la location de votre chalet, vous pouvez compter sur Meg\u00e8ve Luxury Concierge pour r\u00e9pondre \u00e0 tous vos besoins, du chef priv\u00e9 aux transferts en h\u00e9licopt\u00e8re en passant par des exp\u00e9riences de montagne sur mesure.","robots":{"index":"index","follow":"follow","max-snippet":"max-snippet:-1","max-image-preview":"max-image-preview:large","max-video-preview":"max-video-preview:-1"},"canonical":"https:\/\/xn--mribelchalets-bhb.com\/fr\/concierge\/","og_locale":"fr_FR","og_type":"article","og_title":"Meg\u00e8ve Luxury Concierge -M\u00e9ribel Chalets%%%.","og_description":"Pendant que vous profitez de la location de votre chalet, vous pouvez compter sur Meg\u00e8ve Luxury Concierge pour r\u00e9pondre \u00e0 tous vos besoins, du chef priv\u00e9 aux transferts en h\u00e9licopt\u00e8re en passant par des exp\u00e9riences de montagne sur mesure.","og_url":"https:\/\/xn--mribelchalets-bhb.com\/fr\/concierge\/","og_site_name":"M\u00e9ribel Chalets","article_modified_time":"2026-03-18T12:59:14+00:00","og_image":[{"width":2000,"height":1333,"url":"https:\/\/xn--mribelchalets-bhb.com\/wp-content\/uploads\/2022\/01\/Cars-1.jpg","type":"image\/jpeg"}],"twitter_card":"summary_large_image","schema":{"@context":"https:\/\/schema.org","@graph":[{"@type":"WebPage","@id":"https:\/\/xn--mribelchalets-bhb.com\/fr\/concierge\/","url":"https:\/\/xn--mribelchalets-bhb.com\/fr\/concierge\/","name":"Meg\u00e8ve Luxury Concierge -M\u00e9ribel Chalets%%%.","isPartOf":{"@id":"https:\/\/xn--mribelchalets-bhb.com\/fr\/#website"},"primaryImageOfPage":{"@id":"https:\/\/xn--mribelchalets-bhb.com\/fr\/concierge\/#primaryimage"},"image":{"@id":"https:\/\/xn--mribelchalets-bhb.com\/fr\/concierge\/#primaryimage"},"thumbnailUrl":"https:\/\/xn--mribelchalets-bhb.com\/wp-content\/uploads\/2022\/01\/Cars-1.jpg","datePublished":"2022-01-15T22:26:47+00:00","dateModified":"2026-03-18T12:59:14+00:00","description":"Pendant que vous profitez de la location de votre chalet, vous pouvez compter sur Meg\u00e8ve Luxury Concierge pour r\u00e9pondre \u00e0 tous vos besoins, du chef priv\u00e9 aux transferts en h\u00e9licopt\u00e8re en passant par des exp\u00e9riences de montagne sur mesure.","breadcrumb":{"@id":"https:\/\/xn--mribelchalets-bhb.com\/fr\/concierge\/#breadcrumb"},"inLanguage":"fr-FR","potentialAction":[{"@type":"ReadAction","target":["https:\/\/xn--mribelchalets-bhb.com\/fr\/concierge\/"]}]},{"@type":"ImageObject","inLanguage":"fr-FR","@id":"https:\/\/xn--mribelchalets-bhb.com\/fr\/concierge\/#primaryimage","url":"https:\/\/xn--mribelchalets-bhb.com\/wp-content\/uploads\/2022\/01\/Cars-1.jpg","contentUrl":"https:\/\/xn--mribelchalets-bhb.com\/wp-content\/uploads\/2022\/01\/Cars-1.jpg","width":2000,"height":1333},{"@type":"BreadcrumbList","@id":"https:\/\/xn--mribelchalets-bhb.com\/fr\/concierge\/#breadcrumb","itemListElement":[{"@type":"ListItem","position":1,"name":"Home","item":"https:\/\/xn--mribelchalets-bhb.com\/fr\/"},{"@type":"ListItem","position":2,"name":"Concierge"}]},{"@type":"WebSite","@id":"https:\/\/xn--mribelchalets-bhb.com\/fr\/#website","url":"https:\/\/xn--mribelchalets-bhb.com\/fr\/","name":"M\u00e9ribel Chalets","description":"M\u00e9ribel Chalets for Rent","publisher":{"@id":"https:\/\/xn--mribelchalets-bhb.com\/fr\/#organization"},"potentialAction":[{"@type":"SearchAction","target":{"@type":"EntryPoint","urlTemplate":"https:\/\/xn--mribelchalets-bhb.com\/fr\/?s={search_term_string}"},"query-input":{"@type":"PropertyValueSpecification","valueRequired":true,"valueName":"search_term_string"}}],"inLanguage":"fr-FR"},{"@type":"Organization","@id":"https:\/\/xn--mribelchalets-bhb.com\/fr\/#organization","name":"M\u00e9ribel Chalets","url":"https:\/\/xn--mribelchalets-bhb.com\/fr\/","logo":{"@type":"ImageObject","inLanguage":"fr-FR","@id":"https:\/\/xn--mribelchalets-bhb.com\/fr\/#\/schema\/logo\/image\/","url":"","contentUrl":"","caption":"M\u00e9ribel Chalets"},"image":{"@id":"https:\/\/xn--mribelchalets-bhb.com\/fr\/#\/schema\/logo\/image\/"}}]}},"distributor_meta":false,"distributor_terms":false,"distributor_media":false,"distributor_original_site_name":"M\u00e9ribel Chalets","distributor_original_site_url":"https:\/\/xn--mribelchalets-bhb.com\/fr\/","push-errors":false,"_links":{"self":[{"href":"https:\/\/xn--mribelchalets-bhb.com\/fr\/wp-json\/wp\/v2\/pages\/10115","targetHints":{"allow":["GET"]}}],"collection":[{"href":"https:\/\/xn--mribelchalets-bhb.com\/fr\/wp-json\/wp\/v2\/pages"}],"about":[{"href":"https:\/\/xn--mribelchalets-bhb.com\/fr\/wp-json\/wp\/v2\/types\/page"}],"author":[{"embeddable":true,"href":"https:\/\/xn--mribelchalets-bhb.com\/fr\/wp-json\/wp\/v2\/users\/2"}],"replies":[{"embeddable":true,"href":"https:\/\/xn--mribelchalets-bhb.com\/fr\/wp-json\/wp\/v2\/comments?post=10115"}],"version-history":[{"count":5,"href":"https:\/\/xn--mribelchalets-bhb.com\/fr\/wp-json\/wp\/v2\/pages\/10115\/revisions"}],"predecessor-version":[{"id":23193,"href":"https:\/\/xn--mribelchalets-bhb.com\/fr\/wp-json\/wp\/v2\/pages\/10115\/revisions\/23193"}],"wp:featuredmedia":[{"embeddable":true,"href":"https:\/\/xn--mribelchalets-bhb.com\/fr\/wp-json\/wp\/v2\/media\/3874"}],"wp:attachment":[{"href":"https:\/\/xn--mribelchalets-bhb.com\/fr\/wp-json\/wp\/v2\/media?parent=10115"}],"curies":[{"name":"wp","href":"https:\/\/api.w.org\/{rel}","templated":true}]}}